{"id":355,"date":"2023-02-14T12:10:17","date_gmt":"2023-02-14T09:10:17","guid":{"rendered":"https:\/\/texcotextile.com.tr\/?page_id=355"},"modified":"2024-02-07T10:10:28","modified_gmt":"2024-02-07T07:10:28","slug":"bilgi-toplumu","status":"publish","type":"page","link":"https:\/\/texcotextile.com.tr\/en\/bilgi-toplumu\/","title":{"rendered":"Information Society"},"content":{"rendered":"<div data-elementor-type=\"wp-page\" data-elementor-id=\"355\" class=\"elementor elementor-355\" data-elementor-settings=\"{&quot;element_pack_global_tooltip_width&quot;:{&quot;unit&quot;:&quot;px&quot;,&quot;size&quot;:&quot;&quot;,&quot;sizes&quot;:[]},&quot;element_pack_global_tooltip_width_tablet&quot;:{&quot;unit&quot;:&quot;px&quot;,&quot;size&quot;:&quot;&quot;,&quot;sizes&quot;:[]},&quot;element_pack_global_tooltip_width_mobile&quot;:{&quot;unit&quot;:&quot;px&quot;,&quot;size&quot;:&quot;&quot;,&quot;sizes&quot;:[]},&quot;element_pack_global_tooltip_padding&quot;:{&quot;unit&quot;:&quot;px&quot;,&quot;top&quot;:&quot;&quot;,&quot;right&quot;:&quot;&quot;,&quot;bottom&quot;:&quot;&quot;,&quot;left&quot;:&quot;&quot;,&quot;isLinked&quot;:true},&quot;element_pack_global_tooltip_padding_tablet&quot;:{&quot;unit&quot;:&quot;px&quot;,&quot;top&quot;:&quot;&quot;,&quot;right&quot;:&quot;&quot;,&quot;bottom&quot;:&quot;&quot;,&quot;left&quot;:&quot;&quot;,&quot;isLinked&quot;:true},&quot;element_pack_global_tooltip_padding_mobile&quot;:{&quot;unit&quot;:&quot;px&quot;,&quot;top&quot;:&quot;&quot;,&quot;right&quot;:&quot;&quot;,&quot;bottom&quot;:&quot;&quot;,&quot;left&quot;:&quot;&quot;,&quot;isLinked&quot;:true},&quot;element_pack_global_tooltip_border_radius&quot;:{&quot;unit&quot;:&quot;px&quot;,&quot;top&quot;:&quot;&quot;,&quot;right&quot;:&quot;&quot;,&quot;bottom&quot;:&quot;&quot;,&quot;left&quot;:&quot;&quot;,&quot;isLinked&quot;:true},&quot;element_pack_global_tooltip_border_radius_tablet&quot;:{&quot;unit&quot;:&quot;px&quot;,&quot;top&quot;:&quot;&quot;,&quot;right&quot;:&quot;&quot;,&quot;bottom&quot;:&quot;&quot;,&quot;left&quot;:&quot;&quot;,&quot;isLinked&quot;:true},&quot;element_pack_global_tooltip_border_radius_mobile&quot;:{&quot;unit&quot;:&quot;px&quot;,&quot;top&quot;:&quot;&quot;,&quot;right&quot;:&quot;&quot;,&quot;bottom&quot;:&quot;&quot;,&quot;left&quot;:&quot;&quot;,&quot;isLinked&quot;:true}}\" data-elementor-post-type=\"page\">\n\t\t\t\t\t\t<section class=\"elementor-section elementor-top-section elementor-element elementor-element-55997fb9 elementor-section-boxed elementor-section-height-default elementor-section-height-default\" data-id=\"55997fb9\" data-element_type=\"section\">\n\t\t\t\t\t\t<div class=\"elementor-container elementor-column-gap-default\">\n\t\t\t\t\t<div class=\"elementor-column elementor-col-50 elementor-top-column elementor-element elementor-element-389ae27b\" data-id=\"389ae27b\" data-element_type=\"column\">\n\t\t\t<div class=\"elementor-widget-wrap elementor-element-populated\">\n\t\t\t\t\t\t<div class=\"elementor-element elementor-element-d029e2d bdt-hide-entries-on-mobile-yes elementor-widget elementor-widget-bdt-table\" data-id=\"d029e2d\" data-element_type=\"widget\" data-widget_type=\"bdt-table.default\">\n\t\t\t\t<div class=\"elementor-widget-container\">\n\t\t\t\t\t\t\t<div class=\"bdt-table bdt-table-responsive\" id=\"bdt-table-d029e2d\">\n\n\n\t\t\t\n\t\t<table class=\"bdt-static-table\">\n\n\t\t\t<thead>\n\t\t\t\t<tr>\n\t\t\t\t\t\n\t\t\t\t\t\t<th class=\"bdt-static-column-cell elementor-repeater-item-0e327d6\" colspan=\"2\">\n\t\t\t\t\t\t\t<div class=\"bdt-static-column-cell-wrap\">\n\n\t\t\t\t\t\t\t\t<div class=\"bdt-static-column-cell-text\">\n\t\t\t\t\t\t\t\t\tOur Information Society Data\t\t\t\t\t\t\t\t<\/div>\n\n\t\t\t\t\t\t\t\t\n\t\t\t\t\t\t\t\t\n\t\t\t\t\t\t\t<\/div>\n\t\t\t\t\t\t<\/th>\n\n\t\t\t\t\t\t\t\t\t<\/tr>\n\t\t\t<\/thead>\n\n\t\t\t<tbody>\n\t\t\t\t\t\t\t\t\t<tr>\n\t\t\t\t\t\t\t\t\t\t\t\t\t\t<td class=\"bdt-static-body-row-cell elementor-repeater-item-9de039a\">\n\n\t\t\t\t\t\t\t\t\t<div class=\"bdt-static-body-row-cell-wrap\">\n\t\t\t\t\t\t\t\t\t\t<div class=\"bdt-static-body-row-cell-text\">\n\t\t\t\t\t\t\t\t\t\t\tOur MERSIS Number\t\t\t\t\t\t\t\t\t\t<\/div>\n\n\t\t\t\t\t\t\t\t\t\t\n\t\t\t\t\t\t\t\t\t\t\t\t\t\t\t\t\t\t\t<\/div>\n\n\t\t\t\t\t\t\t\t<\/td>\n\t\t\t\t\t\t\t\t\t\t\t\t\t\t\t\t<td class=\"bdt-static-body-row-cell elementor-repeater-item-d873ce7\">\n\n\t\t\t\t\t\t\t\t\t<div class=\"bdt-static-body-row-cell-wrap\">\n\t\t\t\t\t\t\t\t\t\t<div class=\"bdt-static-body-row-cell-text\">\n\t\t\t\t\t\t\t\t\t\t\t0-840040669500013\t\t\t\t\t\t\t\t\t\t<\/div>\n\n\t\t\t\t\t\t\t\t\t\t\n\t\t\t\t\t\t\t\t\t\t\t\t\t\t\t\t\t\t\t<\/div>\n\n\t\t\t\t\t\t\t\t<\/td>\n\t\t\t\t\t\t\t\t\t\t\t\t\t<\/tr>\n\t\t\t\t\t\t\t\t\t<tr>\n\t\t\t\t\t\t\t\t\t\t\t\t\t\t<td class=\"bdt-static-body-row-cell elementor-repeater-item-0eb211d\">\n\n\t\t\t\t\t\t\t\t\t<div class=\"bdt-static-body-row-cell-wrap\">\n\t\t\t\t\t\t\t\t\t\t<div class=\"bdt-static-body-row-cell-text\">\n\t\t\t\t\t\t\t\t\t\t\tTrade Name\t\t\t\t\t\t\t\t\t\t<\/div>\n\n\t\t\t\t\t\t\t\t\t\t\n\t\t\t\t\t\t\t\t\t\t\t\t\t\t\t\t\t\t\t<\/div>\n\n\t\t\t\t\t\t\t\t<\/td>\n\t\t\t\t\t\t\t\t\t\t\t\t\t\t\t\t<td class=\"bdt-static-body-row-cell elementor-repeater-item-41b5901\">\n\n\t\t\t\t\t\t\t\t\t<div class=\"bdt-static-body-row-cell-wrap\">\n\t\t\t\t\t\t\t\t\t\t<div class=\"bdt-static-body-row-cell-text\">\n\t\t\t\t\t\t\t\t\t\t\tTEXCO BOYA APRE TEKSTIL MADEN TARIM ENERJI URETIM SANAYI VE TICARET LIMITED SIRKETI\t\t\t\t\t\t\t\t\t\t<\/div>\n\n\t\t\t\t\t\t\t\t\t\t\n\t\t\t\t\t\t\t\t\t\t\t\t\t\t\t\t\t\t\t<\/div>\n\n\t\t\t\t\t\t\t\t<\/td>\n\t\t\t\t\t\t\t\t\t\t\t\t\t<\/tr>\n\t\t\t\t\t\t\t\t\t<tr>\n\t\t\t\t\t\t\t\t\t\t\t\t\t\t<td class=\"bdt-static-body-row-cell elementor-repeater-item-52ba4a0\">\n\n\t\t\t\t\t\t\t\t\t<div class=\"bdt-static-body-row-cell-wrap\">\n\t\t\t\t\t\t\t\t\t\t<div class=\"bdt-static-body-row-cell-text\">\n\t\t\t\t\t\t\t\t\t\t\tHeadquarters Address\t\t\t\t\t\t\t\t\t\t<\/div>\n\n\t\t\t\t\t\t\t\t\t\t\n\t\t\t\t\t\t\t\t\t\t\t\t\t\t\t\t\t\t\t<\/div>\n\n\t\t\t\t\t\t\t\t<\/td>\n\t\t\t\t\t\t\t\t\t\t\t\t\t\t\t\t<td class=\"bdt-static-body-row-cell elementor-repeater-item-acbc713\">\n\n\t\t\t\t\t\t\t\t\t<div class=\"bdt-static-body-row-cell-wrap\">\n\t\t\t\t\t\t\t\t\t\t<div class=\"bdt-static-body-row-cell-text\">\n\t\t\t\t\t\t\t\t\t\t\tDEM\u0130RTA\u015e DUMLUPINAROSB MAH. KARDELEN SOKAK NUMARA:20 P.K.16245 OSMANGAZ\u0130  \/ BURSA\t\t\t\t\t\t\t\t\t\t<\/div>\n\n\t\t\t\t\t\t\t\t\t\t\n\t\t\t\t\t\t\t\t\t\t\t\t\t\t\t\t\t\t\t<\/div>\n\n\t\t\t\t\t\t\t\t<\/td>\n\t\t\t\t\t\t\t\t\t\t\t\t\t<\/tr>\n\t\t\t\t\t\t\t\t\t<tr>\n\t\t\t\t\t\t\t\t\t\t\t\t\t\t<td class=\"bdt-static-body-row-cell elementor-repeater-item-eb1c5ef\">\n\n\t\t\t\t\t\t\t\t\t<div class=\"bdt-static-body-row-cell-wrap\">\n\t\t\t\t\t\t\t\t\t\t<div class=\"bdt-static-body-row-cell-text\">\n\t\t\t\t\t\t\t\t\t\t\tCOMMERCIAL REGISTRATION NUMBER \t\t\t\t\t\t\t\t\t\t<\/div>\n\n\t\t\t\t\t\t\t\t\t\t\n\t\t\t\t\t\t\t\t\t\t\t\t\t\t\t\t\t\t\t<\/div>\n\n\t\t\t\t\t\t\t\t<\/td>\n\t\t\t\t\t\t\t\t\t\t\t\t\t\t\t\t<td class=\"bdt-static-body-row-cell elementor-repeater-item-3bc5329\">\n\n\t\t\t\t\t\t\t\t\t<div class=\"bdt-static-body-row-cell-wrap\">\n\t\t\t\t\t\t\t\t\t\t<div class=\"bdt-static-body-row-cell-text\">\n\t\t\t\t\t\t\t\t\t\t\t93931\t\t\t\t\t\t\t\t\t\t<\/div>\n\n\t\t\t\t\t\t\t\t\t\t\n\t\t\t\t\t\t\t\t\t\t\t\t\t\t\t\t\t\t\t<\/div>\n\n\t\t\t\t\t\t\t\t<\/td>\n\t\t\t\t\t\t\t\t\t\t\t\t\t<\/tr>\n\t\t\t\t\t\t\t\t\t<tr>\n\t\t\t\t\t\t\t\t\t\t\t\t\t\t<td class=\"bdt-static-body-row-cell elementor-repeater-item-890a5b8\">\n\n\t\t\t\t\t\t\t\t\t<div class=\"bdt-static-body-row-cell-wrap\">\n\t\t\t\t\t\t\t\t\t\t<div class=\"bdt-static-body-row-cell-text\">\n\t\t\t\t\t\t\t\t\t\t\tCOMMITMENT CAPITAL\t\t\t\t\t\t\t\t\t\t<\/div>\n\n\t\t\t\t\t\t\t\t\t\t\n\t\t\t\t\t\t\t\t\t\t\t\t\t\t\t\t\t\t\t<\/div>\n\n\t\t\t\t\t\t\t\t<\/td>\n\t\t\t\t\t\t\t\t\t\t\t\t\t\t\t\t<td class=\"bdt-static-body-row-cell elementor-repeater-item-48b8bb6\">\n\n\t\t\t\t\t\t\t\t\t<div class=\"bdt-static-body-row-cell-wrap\">\n\t\t\t\t\t\t\t\t\t\t<div class=\"bdt-static-body-row-cell-text\">\n\t\t\t\t\t\t\t\t\t\t\t33.500.000,00 TL\t\t\t\t\t\t\t\t\t\t<\/div>\n\n\t\t\t\t\t\t\t\t\t\t\n\t\t\t\t\t\t\t\t\t\t\t\t\t\t\t\t\t\t\t<\/div>\n\n\t\t\t\t\t\t\t\t<\/td>\n\t\t\t\t\t\t\t\t\t\t\t\t\t<\/tr>\n\t\t\t\t\t\t\t\t\t<tr>\n\t\t\t\t\t\t\t\t\t\t\t\t\t\t<td class=\"bdt-static-body-row-cell elementor-repeater-item-9b7072a\">\n\n\t\t\t\t\t\t\t\t\t<div class=\"bdt-static-body-row-cell-wrap\">\n\t\t\t\t\t\t\t\t\t\t<div class=\"bdt-static-body-row-cell-text\">\n\t\t\t\t\t\t\t\t\t\t\tPAID-IN CAPITAL\t\t\t\t\t\t\t\t\t\t<\/div>\n\n\t\t\t\t\t\t\t\t\t\t\n\t\t\t\t\t\t\t\t\t\t\t\t\t\t\t\t\t\t\t<\/div>\n\n\t\t\t\t\t\t\t\t<\/td>\n\t\t\t\t\t\t\t\t\t\t\t\t\t\t\t\t<td class=\"bdt-static-body-row-cell elementor-repeater-item-727c1cd\">\n\n\t\t\t\t\t\t\t\t\t<div class=\"bdt-static-body-row-cell-wrap\">\n\t\t\t\t\t\t\t\t\t\t<div class=\"bdt-static-body-row-cell-text\">\n\t\t\t\t\t\t\t\t\t\t\t160.500.000,00 TL\t\t\t\t\t\t\t\t\t\t<\/div>\n\n\t\t\t\t\t\t\t\t\t\t\n\t\t\t\t\t\t\t\t\t\t\t\t\t\t\t\t\t\t\t<\/div>\n\n\t\t\t\t\t\t\t\t<\/td>\n\t\t\t\t\t\t\t\t\t\t\t\t\t<\/tr>\n\t\t\t\t\t\t\t\t\t<tr>\n\t\t\t\t\t\t\t\t\t\t\t\t\t\t<td class=\"bdt-static-body-row-cell elementor-repeater-item-655f071\">\n\n\t\t\t\t\t\t\t\t\t<div class=\"bdt-static-body-row-cell-wrap\">\n\t\t\t\t\t\t\t\t\t\t<div class=\"bdt-static-body-row-cell-text\">\n\t\t\t\t\t\t\t\t\t\t\tFAT\u0130H KORKMAZ \t\t\t\t\t\t\t\t\t\t<\/div>\n\n\t\t\t\t\t\t\t\t\t\t\n\t\t\t\t\t\t\t\t\t\t\t\t\t\t\t\t\t\t\t<\/div>\n\n\t\t\t\t\t\t\t\t<\/td>\n\t\t\t\t\t\t\t\t\t\t\t\t\t\t\t\t<td class=\"bdt-static-body-row-cell elementor-repeater-item-073e8ff\">\n\n\t\t\t\t\t\t\t\t\t<div class=\"bdt-static-body-row-cell-wrap\">\n\t\t\t\t\t\t\t\t\t\t<div class=\"bdt-static-body-row-cell-text\">\n\t\t\t\t\t\t\t\t\t\t\t % 50 (80.250.000 TL)\t\t\t\t\t\t\t\t\t\t<\/div>\n\n\t\t\t\t\t\t\t\t\t\t\n\t\t\t\t\t\t\t\t\t\t\t\t\t\t\t\t\t\t\t<\/div>\n\n\t\t\t\t\t\t\t\t<\/td>\n\t\t\t\t\t\t\t\t\t\t\t\t\t<\/tr>\n\t\t\t\t\t\t\t\t\t<tr>\n\t\t\t\t\t\t\t\t\t\t\t\t\t\t<td class=\"bdt-static-body-row-cell elementor-repeater-item-a75202d\">\n\n\t\t\t\t\t\t\t\t\t<div class=\"bdt-static-body-row-cell-wrap\">\n\t\t\t\t\t\t\t\t\t\t<div class=\"bdt-static-body-row-cell-text\">\n\t\t\t\t\t\t\t\t\t\t\tNECAT\u0130 MUG\t\t\t\t\t\t\t\t\t\t<\/div>\n\n\t\t\t\t\t\t\t\t\t\t\n\t\t\t\t\t\t\t\t\t\t\t\t\t\t\t\t\t\t\t<\/div>\n\n\t\t\t\t\t\t\t\t<\/td>\n\t\t\t\t\t\t\t\t\t\t\t\t\t\t\t\t<td class=\"bdt-static-body-row-cell elementor-repeater-item-5c5944a\">\n\n\t\t\t\t\t\t\t\t\t<div class=\"bdt-static-body-row-cell-wrap\">\n\t\t\t\t\t\t\t\t\t\t<div class=\"bdt-static-body-row-cell-text\">\n\t\t\t\t\t\t\t\t\t\t\t % 50 (80.250.000 TL)\t\t\t\t\t\t\t\t\t\t<\/div>\n\n\t\t\t\t\t\t\t\t\t\t\n\t\t\t\t\t\t\t\t\t\t\t\t\t\t\t\t\t\t\t<\/div>\n\n\t\t\t\t\t\t\t\t<\/td>\n\t\t\t\t\t\t\t\t\t\t\t\t\t<\/tr>\n\t\t\t\t\t\t\t\t\t<tr>\n\t\t\t\t\t\t\t\t\t\t\t\t\t\t<td class=\"bdt-static-body-row-cell elementor-repeater-item-91abd3b\" colspan=\"2\">\n\n\t\t\t\t\t\t\t\t\t<div class=\"bdt-static-body-row-cell-wrap\">\n\t\t\t\t\t\t\t\t\t\t<div class=\"bdt-static-body-row-cell-text\">\n\t\t\t\t\t\t\t\t\t\t\tNAME AND SURNAME OF THE INDEPENDENT AUDITOR\t\t\t\t\t\t\t\t\t\t<\/div>\n\n\t\t\t\t\t\t\t\t\t\t\n\t\t\t\t\t\t\t\t\t\t\t\t\t\t\t\t\t\t\t<\/div>\n\n\t\t\t\t\t\t\t\t<\/td>\n\t\t\t\t\t\t\t\t\t\t\t\t\t<\/tr>\n\t\t\t\t\t\t\t\t\t<tr>\n\t\t\t\t\t\t\t\t\t\t\t\t\t\t<td class=\"bdt-static-body-row-cell elementor-repeater-item-2a5414f\" colspan=\"2\">\n\n\t\t\t\t\t\t\t\t\t<div class=\"bdt-static-body-row-cell-wrap\">\n\t\t\t\t\t\t\t\t\t\t<div class=\"bdt-static-body-row-cell-text\">\n\t\t\t\t\t\t\t\t\t\t\tUPA BA\u011eIMSIZ DENET\u0130M A.\u015e.<br>15 TEMMUZ MAHALLES\u0130, ALPARSLAN T\u00dcRKE\u015e CD. <br>NO:62\/1  \u015eEH\u0130TKAM\u0130L\/GAZ\u0130ANTEP  <br>TEL: 0342 215 11 10  FAKS: 0340 215 11 20  <br>VERG\u0130 DA\u0130RES\u0130 : \u015eAH\u0130NBEY \/ VERG\u0130 HESAP NO: 892 033 13 46\t\t\t\t\t\t\t\t\t\t<\/div>\n\n\t\t\t\t\t\t\t\t\t\t\n\t\t\t\t\t\t\t\t\t\t\t\t\t\t\t\t\t\t\t<\/div>\n\n\t\t\t\t\t\t\t\t<\/td>\n\t\t\t\t\t\t\t\t\t\t\t\t\t<\/tr>\n\t\t\t\t\t\t\t<\/tbody>\n\n\t\t<\/table>\n\n\t\t\n\t\t<\/div>\n\t\t\t\t\t\t<\/div>\n\t\t\t\t<\/div>\n\t\t\t\t\t<\/div>\n\t\t<\/div>\n\t\t\t\t<div class=\"elementor-column elementor-col-50 elementor-top-column elementor-element elementor-element-a26cc74\" data-id=\"a26cc74\" data-element_type=\"column\">\n\t\t\t<div class=\"elementor-widget-wrap elementor-element-populated\">\n\t\t\t\t\t\t<div class=\"elementor-element elementor-element-46278bb elementor-widget elementor-widget-image\" data-id=\"46278bb\" data-element_type=\"widget\" data-widget_type=\"image.default\">\n\t\t\t\t<div class=\"elementor-widget-container\">\n\t\t\t\t\t\t\t\t\t\t\t\t\t\t\t\t<a href=\"http:\/\/texcotextile.com.tr\/wp-content\/uploads\/vergi-levhasi.jpg\" data-elementor-open-lightbox=\"yes\" data-elementor-lightbox-title=\"vergi-levhasi\" data-e-action-hash=\"#elementor-action%3Aaction%3Dlightbox%26settings%3DeyJpZCI6MzU4LCJ1cmwiOiJodHRwczpcL1wvdGV4Y290ZXh0aWxlLmNvbS50clwvd3AtY29udGVudFwvdXBsb2Fkc1wvdmVyZ2ktbGV2aGFzaS5qcGcifQ%3D%3D\">\n\t\t\t\t\t\t\t<img fetchpriority=\"high\" decoding=\"async\" width=\"1024\" height=\"724\" src=\"https:\/\/texcotextile.com.tr\/wp-content\/uploads\/vergi-levhasi-1024x724.jpg\" class=\"attachment-large size-large wp-image-358\" alt=\"\" srcset=\"https:\/\/texcotextile.com.tr\/wp-content\/uploads\/vergi-levhasi-1024x724.jpg 1024w, https:\/\/texcotextile.com.tr\/wp-content\/uploads\/vergi-levhasi-300x212.jpg 300w, https:\/\/texcotextile.com.tr\/wp-content\/uploads\/vergi-levhasi-768x543.jpg 768w, https:\/\/texcotextile.com.tr\/wp-content\/uploads\/vergi-levhasi.jpg 1122w\" sizes=\"(max-width: 1024px) 100vw, 1024px\" \/>\t\t\t\t\t\t\t\t<\/a>\n\t\t\t\t\t\t\t\t\t\t\t\t\t\t\t<\/div>\n\t\t\t\t<\/div>\n\t\t\t\t<div class=\"elementor-element elementor-element-c0863ba elementor-arrows-position-inside elementor-pagination-position-outside elementor-widget elementor-widget-image-carousel\" data-id=\"c0863ba\" data-element_type=\"widget\" data-settings=\"{&quot;slides_to_show&quot;:&quot;1&quot;,&quot;navigation&quot;:&quot;both&quot;,&quot;autoplay&quot;:&quot;yes&quot;,&quot;pause_on_hover&quot;:&quot;yes&quot;,&quot;pause_on_interaction&quot;:&quot;yes&quot;,&quot;autoplay_speed&quot;:5000,&quot;infinite&quot;:&quot;yes&quot;,&quot;effect&quot;:&quot;slide&quot;,&quot;speed&quot;:500}\" data-widget_type=\"image-carousel.default\">\n\t\t\t\t<div class=\"elementor-widget-container\">\n\t\t\t\t\t\t\t<div class=\"elementor-image-carousel-wrapper swiper\" role=\"region\" aria-roledescription=\"carousel\" aria-label=\"Image Carousel\" dir=\"ltr\">\n\t\t\t<div class=\"elementor-image-carousel swiper-wrapper swiper-image-stretch\" aria-live=\"off\">\n\t\t\t\t\t\t\t\t<div class=\"swiper-slide\" role=\"group\" aria-roledescription=\"slide\" aria-label=\"1 of 2\"><a data-elementor-open-lightbox=\"yes\" data-elementor-lightbox-slideshow=\"c0863ba\" data-elementor-lightbox-title=\"unvan-degisikligi\" data-e-action-hash=\"#elementor-action%3Aaction%3Dlightbox%26settings%3DeyJpZCI6MzU5LCJ1cmwiOiJodHRwczpcL1wvdGV4Y290ZXh0aWxlLmNvbS50clwvd3AtY29udGVudFwvdXBsb2Fkc1wvdW52YW4tZGVnaXNpa2xpZ2kuanBnIiwic2xpZGVzaG93IjoiYzA4NjNiYSJ9\" href=\"https:\/\/texcotextile.com.tr\/wp-content\/uploads\/unvan-degisikligi.jpg\"><figure class=\"swiper-slide-inner\"><img decoding=\"async\" class=\"swiper-slide-image\" src=\"https:\/\/texcotextile.com.tr\/wp-content\/uploads\/unvan-degisikligi-768x1086.jpg\" alt=\"Sayfa 1\" \/><\/figure><\/a><\/div><div class=\"swiper-slide\" role=\"group\" aria-roledescription=\"slide\" aria-label=\"2 of 2\"><a data-elementor-open-lightbox=\"yes\" data-elementor-lightbox-slideshow=\"c0863ba\" data-elementor-lightbox-title=\"unvan-degisikligi-2\" data-e-action-hash=\"#elementor-action%3Aaction%3Dlightbox%26settings%3DeyJpZCI6MzYwLCJ1cmwiOiJodHRwczpcL1wvdGV4Y290ZXh0aWxlLmNvbS50clwvd3AtY29udGVudFwvdXBsb2Fkc1wvdW52YW4tZGVnaXNpa2xpZ2ktMi5qcGciLCJzbGlkZXNob3ciOiJjMDg2M2JhIn0%3D\" href=\"https:\/\/texcotextile.com.tr\/wp-content\/uploads\/unvan-degisikligi-2.jpg\"><figure class=\"swiper-slide-inner\"><img decoding=\"async\" class=\"swiper-slide-image\" src=\"https:\/\/texcotextile.com.tr\/wp-content\/uploads\/unvan-degisikligi-2-768x1086.jpg\" alt=\"Sayfa 2\" \/><\/figure><\/a><\/div>\t\t\t<\/div>\n\t\t\t\t\t\t\t\t\t\t\t\t<div class=\"elementor-swiper-button elementor-swiper-button-prev\" role=\"button\" tabindex=\"0\">\n\t\t\t\t\t\t<i aria-hidden=\"true\" class=\"eicon-chevron-left\"><\/i>\t\t\t\t\t<\/div>\n\t\t\t\t\t<div class=\"elementor-swiper-button elementor-swiper-button-next\" role=\"button\" tabindex=\"0\">\n\t\t\t\t\t\t<i aria-hidden=\"true\" class=\"eicon-chevron-right\"><\/i>\t\t\t\t\t<\/div>\n\t\t\t\t\n\t\t\t\t\t\t\t\t\t<div class=\"swiper-pagination\"><\/div>\n\t\t\t\t\t\t\t\t\t<\/div>\n\t\t\t\t\t\t<\/div>\n\t\t\t\t<\/div>\n\t\t\t\t\t<\/div>\n\t\t<\/div>\n\t\t\t\t\t<\/div>\n\t\t<\/section>\n\t\t\t\t<\/div>","protected":false},"excerpt":{"rendered":"<p>Bilgi Toplumu Verilerimiz Mersis Numaram\u0131z 0-840040669500013 Ticaret \u00dcnvan\u0131 TEXCO BOYA APRE TEKSTIL MADEN TARIM ENERJI URETIM SANAYI VE TICARET LIMITED SIRKETI Merkez Adresi DEM\u0130RTA\u015e DUMLUPINAROSB MAH. KARDELEN SOKAK NUMARA:20 P.K.16245 OSMANGAZ\u0130 \/ BURSA T\u0130CARET S\u0130C\u0130L NUMARASI 93931 TAAHH\u00dcT ED\u0130LEN SERMAYE 33.500.000,00 TL \u00d6DENEN SERMAYE 160.500.000,00 TL FAT\u0130H KORKMAZ % 50 (80.250.000 TL) NECAT\u0130 MUG % [&hellip;]<\/p>","protected":false},"author":1,"featured_media":0,"parent":0,"menu_order":0,"comment_status":"closed","ping_status":"closed","template":"","meta":{"footnotes":""},"class_list":["post-355","page","type-page","status-publish","hentry","wpbf-post"],"_links":{"self":[{"href":"https:\/\/texcotextile.com.tr\/en\/wp-json\/wp\/v2\/pages\/355","targetHints":{"allow":["GET"]}}],"collection":[{"href":"https:\/\/texcotextile.com.tr\/en\/wp-json\/wp\/v2\/pages"}],"about":[{"href":"https:\/\/texcotextile.com.tr\/en\/wp-json\/wp\/v2\/types\/page"}],"author":[{"embeddable":true,"href":"https:\/\/texcotextile.com.tr\/en\/wp-json\/wp\/v2\/users\/1"}],"replies":[{"embeddable":true,"href":"https:\/\/texcotextile.com.tr\/en\/wp-json\/wp\/v2\/comments?post=355"}],"version-history":[{"count":13,"href":"https:\/\/texcotextile.com.tr\/en\/wp-json\/wp\/v2\/pages\/355\/revisions"}],"predecessor-version":[{"id":405,"href":"https:\/\/texcotextile.com.tr\/en\/wp-json\/wp\/v2\/pages\/355\/revisions\/405"}],"wp:attachment":[{"href":"https:\/\/texcotextile.com.tr\/en\/wp-json\/wp\/v2\/media?parent=355"}],"curies":[{"name":"wp","href":"https:\/\/api.w.org\/{rel}","templated":true}]}}