{"id":155,"date":"2019-10-14T19:50:16","date_gmt":"2019-10-14T16:50:16","guid":{"rendered":"http:\/\/texcotextile.com.tr\/?page_id=155"},"modified":"2019-10-22T14:08:23","modified_gmt":"2019-10-22T11:08:23","slug":"kumas-apre","status":"publish","type":"page","link":"https:\/\/texcotextile.com.tr\/en\/kumas-apre\/","title":{"rendered":"Fabric Finishing"},"content":{"rendered":"<div data-elementor-type=\"wp-page\" data-elementor-id=\"155\" class=\"elementor elementor-155\" data-elementor-settings=\"{&quot;element_pack_global_tooltip_width&quot;:{&quot;unit&quot;:&quot;px&quot;,&quot;size&quot;:&quot;&quot;,&quot;sizes&quot;:[]},&quot;element_pack_global_tooltip_width_tablet&quot;:{&quot;unit&quot;:&quot;px&quot;,&quot;size&quot;:&quot;&quot;,&quot;sizes&quot;:[]},&quot;element_pack_global_tooltip_width_mobile&quot;:{&quot;unit&quot;:&quot;px&quot;,&quot;size&quot;:&quot;&quot;,&quot;sizes&quot;:[]},&quot;element_pack_global_tooltip_padding&quot;:{&quot;unit&quot;:&quot;px&quot;,&quot;top&quot;:&quot;&quot;,&quot;right&quot;:&quot;&quot;,&quot;bottom&quot;:&quot;&quot;,&quot;left&quot;:&quot;&quot;,&quot;isLinked&quot;:true},&quot;element_pack_global_tooltip_padding_tablet&quot;:{&quot;unit&quot;:&quot;px&quot;,&quot;top&quot;:&quot;&quot;,&quot;right&quot;:&quot;&quot;,&quot;bottom&quot;:&quot;&quot;,&quot;left&quot;:&quot;&quot;,&quot;isLinked&quot;:true},&quot;element_pack_global_tooltip_padding_mobile&quot;:{&quot;unit&quot;:&quot;px&quot;,&quot;top&quot;:&quot;&quot;,&quot;right&quot;:&quot;&quot;,&quot;bottom&quot;:&quot;&quot;,&quot;left&quot;:&quot;&quot;,&quot;isLinked&quot;:true},&quot;element_pack_global_tooltip_border_radius&quot;:{&quot;unit&quot;:&quot;px&quot;,&quot;top&quot;:&quot;&quot;,&quot;right&quot;:&quot;&quot;,&quot;bottom&quot;:&quot;&quot;,&quot;left&quot;:&quot;&quot;,&quot;isLinked&quot;:true},&quot;element_pack_global_tooltip_border_radius_tablet&quot;:{&quot;unit&quot;:&quot;px&quot;,&quot;top&quot;:&quot;&quot;,&quot;right&quot;:&quot;&quot;,&quot;bottom&quot;:&quot;&quot;,&quot;left&quot;:&quot;&quot;,&quot;isLinked&quot;:true},&quot;element_pack_global_tooltip_border_radius_mobile&quot;:{&quot;unit&quot;:&quot;px&quot;,&quot;top&quot;:&quot;&quot;,&quot;right&quot;:&quot;&quot;,&quot;bottom&quot;:&quot;&quot;,&quot;left&quot;:&quot;&quot;,&quot;isLinked&quot;:true}}\" data-elementor-post-type=\"page\">\n\t\t\t\t\t\t<section class=\"elementor-section elementor-top-section elementor-element elementor-element-9aec24a elementor-section-boxed elementor-section-height-default elementor-section-height-default\" data-id=\"9aec24a\" data-element_type=\"section\">\n\t\t\t\t\t\t<div class=\"elementor-container elementor-column-gap-default\">\n\t\t\t\t\t<div class=\"elementor-column elementor-col-50 elementor-top-column elementor-element elementor-element-8bce61a\" data-id=\"8bce61a\" data-element_type=\"column\">\n\t\t\t<div class=\"elementor-widget-wrap elementor-element-populated\">\n\t\t\t\t\t\t<div class=\"elementor-element elementor-element-cd95983 elementor-widget elementor-widget-image\" data-id=\"cd95983\" data-element_type=\"widget\" data-widget_type=\"image.default\">\n\t\t\t\t<div class=\"elementor-widget-container\">\n\t\t\t\t\t\t\t\t\t\t\t\t\t\t\t<img fetchpriority=\"high\" decoding=\"async\" width=\"1024\" height=\"683\" src=\"https:\/\/texcotextile.com.tr\/wp-content\/uploads\/apre-makine-1024x683.jpg\" class=\"attachment-large size-large wp-image-295\" alt=\"\" srcset=\"https:\/\/texcotextile.com.tr\/wp-content\/uploads\/apre-makine-1024x683.jpg 1024w, https:\/\/texcotextile.com.tr\/wp-content\/uploads\/apre-makine-300x200.jpg 300w, https:\/\/texcotextile.com.tr\/wp-content\/uploads\/apre-makine-768x512.jpg 768w, https:\/\/texcotextile.com.tr\/wp-content\/uploads\/apre-makine.jpg 1199w\" sizes=\"(max-width: 1024px) 100vw, 1024px\" \/>\t\t\t\t\t\t\t\t\t\t\t\t\t\t\t<\/div>\n\t\t\t\t<\/div>\n\t\t\t\t<div class=\"elementor-element elementor-element-674a672 elementor-widget elementor-widget-image\" data-id=\"674a672\" data-element_type=\"widget\" data-widget_type=\"image.default\">\n\t\t\t\t<div class=\"elementor-widget-container\">\n\t\t\t\t\t\t\t\t\t\t\t\t\t\t\t<img decoding=\"async\" width=\"800\" height=\"600\" src=\"https:\/\/texcotextile.com.tr\/wp-content\/uploads\/apre-2.jpg\" class=\"attachment-large size-large wp-image-296\" alt=\"\" srcset=\"https:\/\/texcotextile.com.tr\/wp-content\/uploads\/apre-2.jpg 800w, https:\/\/texcotextile.com.tr\/wp-content\/uploads\/apre-2-300x225.jpg 300w, https:\/\/texcotextile.com.tr\/wp-content\/uploads\/apre-2-768x576.jpg 768w\" sizes=\"(max-width: 800px) 100vw, 800px\" \/>\t\t\t\t\t\t\t\t\t\t\t\t\t\t\t<\/div>\n\t\t\t\t<\/div>\n\t\t\t\t\t<\/div>\n\t\t<\/div>\n\t\t\t\t<div class=\"elementor-column elementor-col-50 elementor-top-column elementor-element elementor-element-bda06aa\" data-id=\"bda06aa\" data-element_type=\"column\">\n\t\t\t<div class=\"elementor-widget-wrap elementor-element-populated\">\n\t\t\t\t\t\t<div class=\"elementor-element elementor-element-205ea9d elementor-widget elementor-widget-text-editor\" data-id=\"205ea9d\" data-element_type=\"widget\" data-widget_type=\"text-editor.default\">\n\t\t\t\t<div class=\"elementor-widget-container\">\n\t\t\t\t\t\t\t\t\t<p class=\"translation-block\">Fabric Finishing The processes performed after dyeing and printing to change the appearance, usage, and durability of textile fabrics are called <strong>Finishing<\/strong>.<\/p><p>Finishing applications are the final processes applied to textile materials after they undergo other treatments to enhance their properties. They are mostly applied to textile materials in fabric form. Considering the area of use of the fabric, contributions such as appeal and aesthetics are required. These contributions can be achieved through finishing applications. Fire and flames are frequently encountered in many work areas and decorative textiles.<\/p><p>For example, firefighters deal with flames, machine operators deal with welding and hot shavings, and entertainment venues such as cinemas and theaters frequently encounter cigarettes, candles, and hot electrical appliances. The textile materials used here must be resistant to the combustible materials they encounter. Easy and rapid ignition can cause very serious accidents. The flame retardancy feature ensures that accidents in such situations are mitigated. This feature, which is imparted to the fabric with this finish, is essential during the use of these fabrics.<\/p><p>To eliminate wrinkles and creases that often appear in fabrics made of cellulose and its blends during use, a wrinkle-resistant finish is applied. When the wrinkling and creasing of the pants and skirts we wear is minimized, we feel better when wearing our clothes.<\/p><p>For this purpose, the finishing treatments we apply cause negative changes in the fabric's texture. Since different texture characteristics are also desired in these fabrics, we must apply a setting finish alongside the wrinkle-resistant finish.<\/p>\t\t\t\t\t\t\t\t<\/div>\n\t\t\t\t<\/div>\n\t\t\t\t\t<\/div>\n\t\t<\/div>\n\t\t\t\t\t<\/div>\n\t\t<\/section>\n\t\t\t\t<\/div>","protected":false},"excerpt":{"rendered":"<p>Kuma\u015f Apre Tekstil Kuma\u015flar\u0131n\u0131n G\u00f6r\u00fcn\u00fcm\u00fcn\u00fc, Kullan\u0131m \u015eeklini ve Dayan\u0131kl\u0131l\u0131\u011f\u0131n\u0131 de\u011fi\u015ftirmek i\u00e7in Boyama Ve Desenleme i\u015flemlerini bitirdikten Sonra Yap\u0131lan \u0130\u015flemlere Apre Denir. Apre uygulamalar\u0131 tekstil materyallerinin g\u00f6rd\u00fc\u011f\u00fc i\u015flemlerden sonra \u00f6zellikleri geli\u015ftirilen son uygulamalard\u0131r. \u00c7o\u011funlukla kuma\u015f formundaki tekstil materyaline uygulan\u0131r. Kuma\u015f\u0131n kullan\u0131m alan\u0131 dikkate al\u0131nd\u0131\u011f\u0131nda albeni, estetik vb. katk\u0131lara ihtiya\u00e7 duyulur. Bu katk\u0131lar\u0131 sa\u011flamak apre uygulamalar\u0131 ile [&hellip;]<\/p>","protected":false},"author":1,"featured_media":0,"parent":0,"menu_order":0,"comment_status":"closed","ping_status":"closed","template":"","meta":{"footnotes":""},"class_list":["post-155","page","type-page","status-publish","hentry","wpbf-post"],"_links":{"self":[{"href":"https:\/\/texcotextile.com.tr\/en\/wp-json\/wp\/v2\/pages\/155","targetHints":{"allow":["GET"]}}],"collection":[{"href":"https:\/\/texcotextile.com.tr\/en\/wp-json\/wp\/v2\/pages"}],"about":[{"href":"https:\/\/texcotextile.com.tr\/en\/wp-json\/wp\/v2\/types\/page"}],"author":[{"embeddable":true,"href":"https:\/\/texcotextile.com.tr\/en\/wp-json\/wp\/v2\/users\/1"}],"replies":[{"embeddable":true,"href":"https:\/\/texcotextile.com.tr\/en\/wp-json\/wp\/v2\/comments?post=155"}],"version-history":[{"count":3,"href":"https:\/\/texcotextile.com.tr\/en\/wp-json\/wp\/v2\/pages\/155\/revisions"}],"predecessor-version":[{"id":297,"href":"https:\/\/texcotextile.com.tr\/en\/wp-json\/wp\/v2\/pages\/155\/revisions\/297"}],"wp:attachment":[{"href":"https:\/\/texcotextile.com.tr\/en\/wp-json\/wp\/v2\/media?parent=155"}],"curies":[{"name":"wp","href":"https:\/\/api.w.org\/{rel}","templated":true}]}}