{"id":153,"date":"2019-10-14T19:50:05","date_gmt":"2019-10-14T16:50:05","guid":{"rendered":"http:\/\/texcotextile.com.tr\/?page_id=153"},"modified":"2019-10-22T15:01:08","modified_gmt":"2019-10-22T12:01:08","slug":"kumas-boya","status":"publish","type":"page","link":"https:\/\/texcotextile.com.tr\/en\/kumas-boya\/","title":{"rendered":"Fabric Dyeing"},"content":{"rendered":"<div data-elementor-type=\"wp-page\" data-elementor-id=\"153\" class=\"elementor elementor-153\" data-elementor-settings=\"{&quot;element_pack_global_tooltip_width&quot;:{&quot;unit&quot;:&quot;px&quot;,&quot;size&quot;:&quot;&quot;,&quot;sizes&quot;:[]},&quot;element_pack_global_tooltip_width_tablet&quot;:{&quot;unit&quot;:&quot;px&quot;,&quot;size&quot;:&quot;&quot;,&quot;sizes&quot;:[]},&quot;element_pack_global_tooltip_width_mobile&quot;:{&quot;unit&quot;:&quot;px&quot;,&quot;size&quot;:&quot;&quot;,&quot;sizes&quot;:[]},&quot;element_pack_global_tooltip_padding&quot;:{&quot;unit&quot;:&quot;px&quot;,&quot;top&quot;:&quot;&quot;,&quot;right&quot;:&quot;&quot;,&quot;bottom&quot;:&quot;&quot;,&quot;left&quot;:&quot;&quot;,&quot;isLinked&quot;:true},&quot;element_pack_global_tooltip_padding_tablet&quot;:{&quot;unit&quot;:&quot;px&quot;,&quot;top&quot;:&quot;&quot;,&quot;right&quot;:&quot;&quot;,&quot;bottom&quot;:&quot;&quot;,&quot;left&quot;:&quot;&quot;,&quot;isLinked&quot;:true},&quot;element_pack_global_tooltip_padding_mobile&quot;:{&quot;unit&quot;:&quot;px&quot;,&quot;top&quot;:&quot;&quot;,&quot;right&quot;:&quot;&quot;,&quot;bottom&quot;:&quot;&quot;,&quot;left&quot;:&quot;&quot;,&quot;isLinked&quot;:true},&quot;element_pack_global_tooltip_border_radius&quot;:{&quot;unit&quot;:&quot;px&quot;,&quot;top&quot;:&quot;&quot;,&quot;right&quot;:&quot;&quot;,&quot;bottom&quot;:&quot;&quot;,&quot;left&quot;:&quot;&quot;,&quot;isLinked&quot;:true},&quot;element_pack_global_tooltip_border_radius_tablet&quot;:{&quot;unit&quot;:&quot;px&quot;,&quot;top&quot;:&quot;&quot;,&quot;right&quot;:&quot;&quot;,&quot;bottom&quot;:&quot;&quot;,&quot;left&quot;:&quot;&quot;,&quot;isLinked&quot;:true},&quot;element_pack_global_tooltip_border_radius_mobile&quot;:{&quot;unit&quot;:&quot;px&quot;,&quot;top&quot;:&quot;&quot;,&quot;right&quot;:&quot;&quot;,&quot;bottom&quot;:&quot;&quot;,&quot;left&quot;:&quot;&quot;,&quot;isLinked&quot;:true}}\" data-elementor-post-type=\"page\">\n\t\t\t\t\t\t<section class=\"elementor-section elementor-top-section elementor-element elementor-element-0ee4ec1 elementor-section-boxed elementor-section-height-default elementor-section-height-default\" data-id=\"0ee4ec1\" data-element_type=\"section\">\n\t\t\t\t\t\t<div class=\"elementor-container elementor-column-gap-default\">\n\t\t\t\t\t<div class=\"elementor-column elementor-col-50 elementor-top-column elementor-element elementor-element-4330cf7\" data-id=\"4330cf7\" data-element_type=\"column\">\n\t\t\t<div class=\"elementor-widget-wrap elementor-element-populated\">\n\t\t\t\t\t\t<div class=\"elementor-element elementor-element-a6c62bc elementor-widget elementor-widget-image\" data-id=\"a6c62bc\" data-element_type=\"widget\" data-widget_type=\"image.default\">\n\t\t\t\t<div class=\"elementor-widget-container\">\n\t\t\t\t\t\t\t\t\t\t\t\t\t\t\t<img fetchpriority=\"high\" decoding=\"async\" width=\"1024\" height=\"458\" src=\"https:\/\/texcotextile.com.tr\/wp-content\/uploads\/boya-duz-1024x458.jpg\" class=\"attachment-large size-large wp-image-227\" alt=\"\" srcset=\"https:\/\/texcotextile.com.tr\/wp-content\/uploads\/boya-duz-1024x458.jpg 1024w, https:\/\/texcotextile.com.tr\/wp-content\/uploads\/boya-duz-300x134.jpg 300w, https:\/\/texcotextile.com.tr\/wp-content\/uploads\/boya-duz-768x343.jpg 768w, https:\/\/texcotextile.com.tr\/wp-content\/uploads\/boya-duz.jpg 1920w\" sizes=\"(max-width: 1024px) 100vw, 1024px\" \/>\t\t\t\t\t\t\t\t\t\t\t\t\t\t\t<\/div>\n\t\t\t\t<\/div>\n\t\t\t\t<div class=\"elementor-element elementor-element-3104869 elementor-widget elementor-widget-image\" data-id=\"3104869\" data-element_type=\"widget\" data-widget_type=\"image.default\">\n\t\t\t\t<div class=\"elementor-widget-container\">\n\t\t\t\t\t\t\t\t\t\t\t\t\t\t\t<img decoding=\"async\" width=\"700\" height=\"350\" src=\"https:\/\/texcotextile.com.tr\/wp-content\/uploads\/boyahane-genel.jpg\" class=\"attachment-large size-large wp-image-298\" alt=\"\" srcset=\"https:\/\/texcotextile.com.tr\/wp-content\/uploads\/boyahane-genel.jpg 700w, https:\/\/texcotextile.com.tr\/wp-content\/uploads\/boyahane-genel-300x150.jpg 300w\" sizes=\"(max-width: 700px) 100vw, 700px\" \/>\t\t\t\t\t\t\t\t\t\t\t\t\t\t\t<\/div>\n\t\t\t\t<\/div>\n\t\t\t\t\t<\/div>\n\t\t<\/div>\n\t\t\t\t<div class=\"elementor-column elementor-col-50 elementor-top-column elementor-element elementor-element-ad29025\" data-id=\"ad29025\" data-element_type=\"column\">\n\t\t\t<div class=\"elementor-widget-wrap elementor-element-populated\">\n\t\t\t\t\t\t<div class=\"elementor-element elementor-element-ef421fb elementor-widget elementor-widget-text-editor\" data-id=\"ef421fb\" data-element_type=\"widget\" data-widget_type=\"text-editor.default\">\n\t\t\t\t<div class=\"elementor-widget-container\">\n\t\t\t\t\t\t\t\t\t<p>With our modern and diverse machine park, we produce both printed and plain dyed fabrics in our fabric dyeing department. Our plain dyeing machine park has been selected to ensure the most efficient dyeing of fabrics produced with various fiber blends.\u00a0<\/p><p>Production is supported by a management information system and chemical automation, enabling fabric production to be monitored and recorded at every stage. The chemicals and dyes used in production are selected based on clean environment principles. TEXCO adds value to the fabrics it produces using state-of-the-art machinery that incorporates all the latest innovations in finishing processes.<\/p><p>Our company, which has always prioritized customer satisfaction in production quality, closely follows technological developments, from the machinery used to the quality of dyes, and continues its R&amp;D laboratory research.<\/p>\t\t\t\t\t\t\t\t<\/div>\n\t\t\t\t<\/div>\n\t\t\t\t\t<\/div>\n\t\t<\/div>\n\t\t\t\t\t<\/div>\n\t\t<\/section>\n\t\t\t\t<\/div>","protected":false},"excerpt":{"rendered":"<p>Modern ve farkl\u0131 makine parkuru ile kuma\u015f boyama b\u00f6l\u00fcm\u00fcnde hem bask\u0131 alt\u0131 hem d\u00fcz boya kuma\u015f \u00fcretimi yap\u0131lmaktad\u0131r. D\u00fcz boya makine parkurumuz; \u00e7e\u015fitli elyaf kar\u0131\u015f\u0131mlar\u0131yla \u00fcretti\u011fimiz kuma\u015flar\u0131 en verimli \u015fekilde boyanmas\u0131n\u0131 sa\u011flamak \u00fczere se\u00e7ilmi\u015ftir.\u00a0 \u00dcretim; y\u00f6netim bilgi sistemi ve kimyasal otomasyonla desteklenerek kuma\u015f \u00fcretimi her a\u015famada izlenebilmekte ve kay\u0131t alt\u0131nda tutulabilmektedir. \u00dcretimde kullan\u0131lan kimyasal ve [&hellip;]<\/p>","protected":false},"author":1,"featured_media":0,"parent":0,"menu_order":0,"comment_status":"closed","ping_status":"open","template":"","meta":{"footnotes":""},"class_list":["post-153","page","type-page","status-publish","hentry","wpbf-post"],"_links":{"self":[{"href":"https:\/\/texcotextile.com.tr\/en\/wp-json\/wp\/v2\/pages\/153","targetHints":{"allow":["GET"]}}],"collection":[{"href":"https:\/\/texcotextile.com.tr\/en\/wp-json\/wp\/v2\/pages"}],"about":[{"href":"https:\/\/texcotextile.com.tr\/en\/wp-json\/wp\/v2\/types\/page"}],"author":[{"embeddable":true,"href":"https:\/\/texcotextile.com.tr\/en\/wp-json\/wp\/v2\/users\/1"}],"replies":[{"embeddable":true,"href":"https:\/\/texcotextile.com.tr\/en\/wp-json\/wp\/v2\/comments?post=153"}],"version-history":[{"count":2,"href":"https:\/\/texcotextile.com.tr\/en\/wp-json\/wp\/v2\/pages\/153\/revisions"}],"predecessor-version":[{"id":299,"href":"https:\/\/texcotextile.com.tr\/en\/wp-json\/wp\/v2\/pages\/153\/revisions\/299"}],"wp:attachment":[{"href":"https:\/\/texcotextile.com.tr\/en\/wp-json\/wp\/v2\/media?parent=153"}],"curies":[{"name":"wp","href":"https:\/\/api.w.org\/{rel}","templated":true}]}}